{"id":57,"date":"2021-10-03T13:49:13","date_gmt":"2021-10-03T13:49:13","guid":{"rendered":"http:\/\/gmm-agroindustries.com\/?post_type=product&#038;p=57"},"modified":"2022-06-21T10:00:09","modified_gmt":"2022-06-21T10:00:09","slug":"gombo","status":"publish","type":"product","link":"https:\/\/gmm-agroindustries.com\/fr\/product\/gombo\/","title":{"rendered":"Gombo"},"content":{"rendered":"<p>Le gombo est un l\u00e9gume typique de l\u2019alimentation africaine. On le retrouve \u00e9galement dans le sud de l\u2019Europe, en Inde, au Moyen-Orient, aux Antilles et en Am\u00e9rique du Sud. Le gombo, aussi appel\u00e9 okra, est consomm\u00e9 cru, cuit et parfois sous forme d\u00e9shydrat\u00e9e. Sa saveur et sa texture particuli\u00e8re, ainsi que les compos\u00e9s nutritifs qu\u2019il contient en font un l\u00e9gume qui gagne \u00e0 \u00eatre connu.<\/p>\n","protected":false},"excerpt":{"rendered":"<p>Le gombo est un l\u00e9gume typique de l\u2019alimentation africaine. On le retrouve \u00e9galement dans le sud de l\u2019Europe, en Inde, au Moyen-Orient, aux Antilles et en Am\u00e9rique du Sud. Le gombo, aussi appel\u00e9 okra, est consomm\u00e9 cru, cuit et parfois sous forme d\u00e9shydrat\u00e9e. Sa saveur et sa texture particuli\u00e8re, ainsi que les compos\u00e9s nutritifs qu\u2019il [&hellip;]<\/p>\n","protected":false},"featured_media":109,"comment_status":"open","ping_status":"closed","template":"","meta":{"_regular_price":[],"currency_symbol":[],"sfsi_plus_gutenberg_text_before_share":"","sfsi_plus_gutenberg_show_text_before_share":"","sfsi_plus_gutenberg_icon_type":"","sfsi_plus_gutenberg_icon_alignemt":"","sfsi_plus_gutenburg_max_per_row":""},"product_cat":[15],"product_tag":[19],"class_list":["post-57","product","type-product","status-publish","has-post-thumbnail","hentry","product_cat-legumes","product_tag-gombo"],"post_slider_layout_featured_media_urls":{"thumbnail":["https:\/\/gmm-agroindustries.com\/wp-content\/uploads\/2021\/10\/Gombos-150x150.jpg",150,150,true],"post_slider_layout_landscape_large":["https:\/\/gmm-agroindustries.com\/wp-content\/uploads\/2021\/10\/Gombos.jpg",612,612,false],"post_slider_layout_portrait_large":["https:\/\/gmm-agroindustries.com\/wp-content\/uploads\/2021\/10\/Gombos.jpg",612,612,false],"post_slider_layout_square_large":["https:\/\/gmm-agroindustries.com\/wp-content\/uploads\/2021\/10\/Gombos.jpg",612,612,false],"post_slider_layout_landscape":["https:\/\/gmm-agroindustries.com\/wp-content\/uploads\/2021\/10\/Gombos-600x400.jpg",600,400,true],"post_slider_layout_portrait":["https:\/\/gmm-agroindustries.com\/wp-content\/uploads\/2021\/10\/Gombos-600x612.jpg",600,612,true],"post_slider_layout_square":["https:\/\/gmm-agroindustries.com\/wp-content\/uploads\/2021\/10\/Gombos-600x600.jpg",600,600,true],"full":["https:\/\/gmm-agroindustries.com\/wp-content\/uploads\/2021\/10\/Gombos.jpg",612,612,false]},"_links":{"self":[{"href":"https:\/\/gmm-agroindustries.com\/fr\/wp-json\/wp\/v2\/product\/57","targetHints":{"allow":["GET"]}}],"collection":[{"href":"https:\/\/gmm-agroindustries.com\/fr\/wp-json\/wp\/v2\/product"}],"about":[{"href":"https:\/\/gmm-agroindustries.com\/fr\/wp-json\/wp\/v2\/types\/product"}],"replies":[{"embeddable":true,"href":"https:\/\/gmm-agroindustries.com\/fr\/wp-json\/wp\/v2\/comments?post=57"}],"wp:featuredmedia":[{"embeddable":true,"href":"https:\/\/gmm-agroindustries.com\/fr\/wp-json\/wp\/v2\/media\/109"}],"wp:attachment":[{"href":"https:\/\/gmm-agroindustries.com\/fr\/wp-json\/wp\/v2\/media?parent=57"}],"wp:term":[{"taxonomy":"product_cat","embeddable":true,"href":"https:\/\/gmm-agroindustries.com\/fr\/wp-json\/wp\/v2\/product_cat?post=57"},{"taxonomy":"product_tag","embeddable":true,"href":"https:\/\/gmm-agroindustries.com\/fr\/wp-json\/wp\/v2\/product_tag?post=57"}],"curies":[{"name":"wp","href":"https:\/\/api.w.org\/{rel}","templated":true}]}}