{"id":1265,"date":"2022-04-12T10:56:30","date_gmt":"2022-04-12T10:56:30","guid":{"rendered":"http:\/\/gmm-agroindustries.com\/en\/?post_type=product&#038;p=1265"},"modified":"2022-05-10T09:51:44","modified_gmt":"2022-05-10T09:51:44","slug":"melon-charentais","status":"publish","type":"product","link":"https:\/\/gmm-agroindustries.com\/fr\/product\/melon-charentais\/","title":{"rendered":"Melon charentais"},"content":{"rendered":"<p>Le melon est compos\u00e9 \u00e0 plus 90% d&rsquo;eau et il est peu calorique. Riche en vitamines C et B, en potassium et en oligo-\u00e9l\u00e9ments, il est aussi appr\u00e9ci\u00e9 pour sa forte teneur en b\u00eatacarot\u00e8ne. Cet antioxydant prot\u00e8ge la peau et a un effet \u00ab bonne mine \u00bb.<\/p>\n","protected":false},"excerpt":{"rendered":"<p>Le melon est compos\u00e9 \u00e0 plus 90% d&rsquo;eau et il est peu calorique. Riche en vitamines C et B, en potassium et en oligo-\u00e9l\u00e9ments, il est aussi appr\u00e9ci\u00e9 pour sa forte teneur en b\u00eatacarot\u00e8ne. Cet antioxydant prot\u00e8ge la peau et a un effet \u00ab bonne mine \u00bb.<\/p>\n","protected":false},"featured_media":1266,"comment_status":"open","ping_status":"closed","template":"","meta":{"_regular_price":[],"currency_symbol":[],"sfsi_plus_gutenberg_text_before_share":"","sfsi_plus_gutenberg_show_text_before_share":"","sfsi_plus_gutenberg_icon_type":"","sfsi_plus_gutenberg_icon_alignemt":"","sfsi_plus_gutenburg_max_per_row":""},"product_cat":[21],"product_tag":[27,26],"class_list":["post-1265","product","type-product","status-publish","has-post-thumbnail","hentry","product_cat-fruit","product_tag-charentais","product_tag-melon"],"post_slider_layout_featured_media_urls":{"thumbnail":["https:\/\/gmm-agroindustries.com\/wp-content\/uploads\/2022\/04\/Melon-charentais-150x150.png",150,150,true],"post_slider_layout_landscape_large":["https:\/\/gmm-agroindustries.com\/wp-content\/uploads\/2022\/04\/Melon-charentais.png",300,292,false],"post_slider_layout_portrait_large":["https:\/\/gmm-agroindustries.com\/wp-content\/uploads\/2022\/04\/Melon-charentais.png",300,292,false],"post_slider_layout_square_large":["https:\/\/gmm-agroindustries.com\/wp-content\/uploads\/2022\/04\/Melon-charentais.png",300,292,false],"post_slider_layout_landscape":["https:\/\/gmm-agroindustries.com\/wp-content\/uploads\/2022\/04\/Melon-charentais.png",300,292,false],"post_slider_layout_portrait":["https:\/\/gmm-agroindustries.com\/wp-content\/uploads\/2022\/04\/Melon-charentais.png",300,292,false],"post_slider_layout_square":["https:\/\/gmm-agroindustries.com\/wp-content\/uploads\/2022\/04\/Melon-charentais.png",300,292,false],"full":["https:\/\/gmm-agroindustries.com\/wp-content\/uploads\/2022\/04\/Melon-charentais.png",300,292,false]},"_links":{"self":[{"href":"https:\/\/gmm-agroindustries.com\/fr\/wp-json\/wp\/v2\/product\/1265","targetHints":{"allow":["GET"]}}],"collection":[{"href":"https:\/\/gmm-agroindustries.com\/fr\/wp-json\/wp\/v2\/product"}],"about":[{"href":"https:\/\/gmm-agroindustries.com\/fr\/wp-json\/wp\/v2\/types\/product"}],"replies":[{"embeddable":true,"href":"https:\/\/gmm-agroindustries.com\/fr\/wp-json\/wp\/v2\/comments?post=1265"}],"wp:featuredmedia":[{"embeddable":true,"href":"https:\/\/gmm-agroindustries.com\/fr\/wp-json\/wp\/v2\/media\/1266"}],"wp:attachment":[{"href":"https:\/\/gmm-agroindustries.com\/fr\/wp-json\/wp\/v2\/media?parent=1265"}],"wp:term":[{"taxonomy":"product_cat","embeddable":true,"href":"https:\/\/gmm-agroindustries.com\/fr\/wp-json\/wp\/v2\/product_cat?post=1265"},{"taxonomy":"product_tag","embeddable":true,"href":"https:\/\/gmm-agroindustries.com\/fr\/wp-json\/wp\/v2\/product_tag?post=1265"}],"curies":[{"name":"wp","href":"https:\/\/api.w.org\/{rel}","templated":true}]}}