{"id":107,"date":"2021-10-03T17:00:24","date_gmt":"2021-10-03T17:00:24","guid":{"rendered":"http:\/\/gmm-agroindustries.com\/?post_type=product&#038;p=107"},"modified":"2022-06-21T09:58:52","modified_gmt":"2022-06-21T09:58:52","slug":"piment","status":"publish","type":"product","link":"https:\/\/gmm-agroindustries.com\/fr\/product\/piment\/","title":{"rendered":"Piment BigSun"},"content":{"rendered":"<p><span style=\"vertical-align: inherit;\"><span style=\"vertical-align: inherit;\">Le piment est un vrai cocktail de vitamines A, B6, C, E, K, PP ainsi que d&rsquo;oligo\u00e9l\u00e9ments comme le cuivre, le fer, le mangan\u00e8se, le magn\u00e9sium et le potassium. <\/span><span style=\"vertical-align: inherit;\">Leur action est b\u00e9n\u00e9fique pour la peau, les voies respiratoires, le syst\u00e8me immunitaire, le syst\u00e8me sanguin, la fatigue, le sommeil, l&rsquo;app\u00e9tit, les os, les voies urinaires, les infections ainsi que pour les contractions musculaires et cardiaques.<\/span><\/span><\/p>\n","protected":false},"excerpt":{"rendered":"<p>Le piment est un vrai cocktail de vitamines A, B6, C, E, K, PP ainsi que d&rsquo;oligo\u00e9l\u00e9ments comme le cuivre, le fer, le mangan\u00e8se, le magn\u00e9sium et le potassium. Leur action est b\u00e9n\u00e9fique pour la peau, les voies respiratoires, le syst\u00e8me immunitaire, le syst\u00e8me sanguin, la fatigue, le sommeil, l&rsquo;app\u00e9tit, les os, les voies urinaires, [&hellip;]<\/p>\n","protected":false},"featured_media":1282,"comment_status":"open","ping_status":"closed","template":"","meta":{"_regular_price":[],"currency_symbol":[],"sfsi_plus_gutenberg_text_before_share":"","sfsi_plus_gutenberg_show_text_before_share":"","sfsi_plus_gutenberg_icon_type":"","sfsi_plus_gutenberg_icon_alignemt":"","sfsi_plus_gutenburg_max_per_row":""},"product_cat":[15],"product_tag":[38,37],"class_list":["post-107","product","type-product","status-publish","has-post-thumbnail","hentry","product_cat-legumes","product_tag-bigsun","product_tag-piment"],"post_slider_layout_featured_media_urls":{"thumbnail":["https:\/\/gmm-agroindustries.com\/wp-content\/uploads\/2021\/10\/Piment-BigSun-150x150.png",150,150,true],"post_slider_layout_landscape_large":["https:\/\/gmm-agroindustries.com\/wp-content\/uploads\/2021\/10\/Piment-BigSun.png",320,240,false],"post_slider_layout_portrait_large":["https:\/\/gmm-agroindustries.com\/wp-content\/uploads\/2021\/10\/Piment-BigSun.png",320,240,false],"post_slider_layout_square_large":["https:\/\/gmm-agroindustries.com\/wp-content\/uploads\/2021\/10\/Piment-BigSun.png",320,240,false],"post_slider_layout_landscape":["https:\/\/gmm-agroindustries.com\/wp-content\/uploads\/2021\/10\/Piment-BigSun.png",320,240,false],"post_slider_layout_portrait":["https:\/\/gmm-agroindustries.com\/wp-content\/uploads\/2021\/10\/Piment-BigSun.png",320,240,false],"post_slider_layout_square":["https:\/\/gmm-agroindustries.com\/wp-content\/uploads\/2021\/10\/Piment-BigSun.png",320,240,false],"full":["https:\/\/gmm-agroindustries.com\/wp-content\/uploads\/2021\/10\/Piment-BigSun.png",320,240,false]},"_links":{"self":[{"href":"https:\/\/gmm-agroindustries.com\/fr\/wp-json\/wp\/v2\/product\/107","targetHints":{"allow":["GET"]}}],"collection":[{"href":"https:\/\/gmm-agroindustries.com\/fr\/wp-json\/wp\/v2\/product"}],"about":[{"href":"https:\/\/gmm-agroindustries.com\/fr\/wp-json\/wp\/v2\/types\/product"}],"replies":[{"embeddable":true,"href":"https:\/\/gmm-agroindustries.com\/fr\/wp-json\/wp\/v2\/comments?post=107"}],"wp:featuredmedia":[{"embeddable":true,"href":"https:\/\/gmm-agroindustries.com\/fr\/wp-json\/wp\/v2\/media\/1282"}],"wp:attachment":[{"href":"https:\/\/gmm-agroindustries.com\/fr\/wp-json\/wp\/v2\/media?parent=107"}],"wp:term":[{"taxonomy":"product_cat","embeddable":true,"href":"https:\/\/gmm-agroindustries.com\/fr\/wp-json\/wp\/v2\/product_cat?post=107"},{"taxonomy":"product_tag","embeddable":true,"href":"https:\/\/gmm-agroindustries.com\/fr\/wp-json\/wp\/v2\/product_tag?post=107"}],"curies":[{"name":"wp","href":"https:\/\/api.w.org\/{rel}","templated":true}]}}