{"id":509,"date":"2022-03-04T10:33:28","date_gmt":"2022-03-04T10:33:28","guid":{"rendered":"http:\/\/gmm-agroindustries.com\/?page_id=509"},"modified":"2022-03-23T15:00:54","modified_gmt":"2022-03-23T15:00:54","slug":"who-are-we","status":"publish","type":"page","link":"https:\/\/gmm-agroindustries.com\/fr\/who-are-we\/","title":{"rendered":"Qui sommes-nous ?"},"content":{"rendered":"\n<div class=\"wp-block-media-text alignwide is-stacked-on-mobile gmm_apropos gmm_apropos_image\" style=\"grid-template-columns:25% auto\"><figure class=\"wp-block-media-text__media\"><img loading=\"lazy\" decoding=\"async\" width=\"760\" height=\"407\" src=\"http:\/\/gmm-agroindustries.com\/wp-content\/uploads\/2022\/03\/Notre-Objectif_2.png\" alt=\"\" class=\"wp-image-519 size-full\" srcset=\"https:\/\/gmm-agroindustries.com\/wp-content\/uploads\/2022\/03\/Notre-Objectif_2.png 760w, https:\/\/gmm-agroindustries.com\/wp-content\/uploads\/2022\/03\/Notre-Objectif_2-300x161.png 300w, https:\/\/gmm-agroindustries.com\/wp-content\/uploads\/2022\/03\/Notre-Objectif_2-600x321.png 600w\" sizes=\"auto, (max-width: 760px) 100vw, 760px\" \/><\/figure><div class=\"wp-block-media-text__content\">\n<p class=\"has-drop-cap has-text-align-left\" style=\"font-size:25px\">Des solutions centr\u00e9es sur notre agriculture afin d&rsquo;atteindre l&rsquo;autosuffisance alimentaire.<\/p>\n<\/div><\/div>\n\n\n\n<hr class=\"wp-block-separator aligncenter has-text-color has-background is-style-default\" style=\"background-color:#1baa01;color:#1baa01\"\/>\n\n\n\n<div class=\"wp-block-media-text alignwide has-media-on-the-right is-stacked-on-mobile gmm_apropos gmm_apropos_image\" style=\"grid-template-columns:auto 25%\"><figure class=\"wp-block-media-text__media\"><img loading=\"lazy\" decoding=\"async\" width=\"760\" height=\"407\" src=\"http:\/\/gmm-agroindustries.com\/wp-content\/uploads\/2022\/03\/Notre-Vision.png\" alt=\"\" class=\"wp-image-526 size-full\" srcset=\"https:\/\/gmm-agroindustries.com\/wp-content\/uploads\/2022\/03\/Notre-Vision.png 760w, https:\/\/gmm-agroindustries.com\/wp-content\/uploads\/2022\/03\/Notre-Vision-300x161.png 300w, https:\/\/gmm-agroindustries.com\/wp-content\/uploads\/2022\/03\/Notre-Vision-600x321.png 600w\" sizes=\"auto, (max-width: 760px) 100vw, 760px\" \/><\/figure><div class=\"wp-block-media-text__content\">\n<p class=\"has-drop-cap\" style=\"font-size:25px\">Am\u00e9liorer les moyens de subsistance dans notre syst\u00e8me alimentaire de fa\u00e7on durable.<\/p>\n<\/div><\/div>\n\n\n\n<hr class=\"wp-block-separator aligncenter has-text-color has-background is-style-default\" style=\"background-color:#1baa01;color:#1baa01\"\/>\n\n\n\n<div class=\"wp-block-media-text alignwide is-stacked-on-mobile gmm_apropos gmm_apropos_image\" style=\"grid-template-columns:25% auto\"><figure class=\"wp-block-media-text__media\"><img loading=\"lazy\" decoding=\"async\" width=\"760\" height=\"407\" src=\"http:\/\/gmm-agroindustries.com\/wp-content\/uploads\/2022\/03\/Notre-Mission.png\" alt=\"\" class=\"wp-image-531 size-full\" srcset=\"https:\/\/gmm-agroindustries.com\/wp-content\/uploads\/2022\/03\/Notre-Mission.png 760w, https:\/\/gmm-agroindustries.com\/wp-content\/uploads\/2022\/03\/Notre-Mission-300x161.png 300w, https:\/\/gmm-agroindustries.com\/wp-content\/uploads\/2022\/03\/Notre-Mission-600x321.png 600w\" sizes=\"auto, (max-width: 760px) 100vw, 760px\" \/><\/figure><div class=\"wp-block-media-text__content\">\n<p class=\"has-drop-cap\" style=\"font-size:25px\">Promouvoir l&rsquo;entrepreneuriat en milieu rural et la consommation locale.<\/p>\n<\/div><\/div>\n\n\n\n<hr class=\"wp-block-separator aligncenter has-text-color has-background is-style-default\" style=\"background-color:#1baa01;color:#1baa01\"\/>\n\n\n\n<div class=\"wp-block-media-text alignwide has-media-on-the-right is-stacked-on-mobile gmm_apropos gmm_apropos_image\" style=\"grid-template-columns:auto 25%\"><figure class=\"wp-block-media-text__media\"><img loading=\"lazy\" decoding=\"async\" width=\"760\" height=\"407\" src=\"http:\/\/gmm-agroindustries.com\/wp-content\/uploads\/2022\/03\/Nos-Valeurs.png\" alt=\"\" class=\"wp-image-535 size-full\" srcset=\"https:\/\/gmm-agroindustries.com\/wp-content\/uploads\/2022\/03\/Nos-Valeurs.png 760w, https:\/\/gmm-agroindustries.com\/wp-content\/uploads\/2022\/03\/Nos-Valeurs-300x161.png 300w, https:\/\/gmm-agroindustries.com\/wp-content\/uploads\/2022\/03\/Nos-Valeurs-600x321.png 600w\" sizes=\"auto, (max-width: 760px) 100vw, 760px\" \/><\/figure><div class=\"wp-block-media-text__content\">\n<ul class=\"has-black-color has-text-color has-medium-font-size wp-block-list\"><li>Respect et valorisation des connaissances<\/li><li>Respect de l&rsquo;environnement et sa valorisation<\/li><li>Professionnel et efficace<\/li><li>Qualit\u00e9, \u00e9galit\u00e9 et \u00e9thique<\/li><li>\u00c9quipe dynamique<\/li><\/ul>\n<\/div><\/div>\n\n\n\n<hr class=\"wp-block-separator aligncenter has-text-color has-background is-style-default\" style=\"background-color:#1baa01;color:#1baa01\"\/>\n\n\n\n<p><\/p>\n","protected":false},"excerpt":{"rendered":"<p>Des solutions centr\u00e9es sur notre agriculture afin d&rsquo;atteindre l&rsquo;autosuffisance alimentaire. Am\u00e9liorer les moyens de subsistance dans notre syst\u00e8me alimentaire de fa\u00e7on durable. Promouvoir l&rsquo;entrepreneuriat en milieu rural et la consommation locale. Respect et valorisation des connaissances Respect de l&rsquo;environnement et sa valorisation Professionnel et efficace Qualit\u00e9, \u00e9galit\u00e9 et \u00e9thique \u00c9quipe dynamique<\/p>\n","protected":false},"author":1,"featured_media":0,"parent":0,"menu_order":0,"comment_status":"closed","ping_status":"closed","template":"","meta":{"_regular_price":[],"currency_symbol":[],"sfsi_plus_gutenberg_text_before_share":"","sfsi_plus_gutenberg_show_text_before_share":"","sfsi_plus_gutenberg_icon_type":"","sfsi_plus_gutenberg_icon_alignemt":"","sfsi_plus_gutenburg_max_per_row":"","footnotes":""},"class_list":["post-509","page","type-page","status-publish","hentry"],"post_slider_layout_featured_media_urls":{"thumbnail":"","post_slider_layout_landscape_large":"","post_slider_layout_portrait_large":"","post_slider_layout_square_large":"","post_slider_layout_landscape":"","post_slider_layout_portrait":"","post_slider_layout_square":"","full":""},"_links":{"self":[{"href":"https:\/\/gmm-agroindustries.com\/fr\/wp-json\/wp\/v2\/pages\/509","targetHints":{"allow":["GET"]}}],"collection":[{"href":"https:\/\/gmm-agroindustries.com\/fr\/wp-json\/wp\/v2\/pages"}],"about":[{"href":"https:\/\/gmm-agroindustries.com\/fr\/wp-json\/wp\/v2\/types\/page"}],"author":[{"embeddable":true,"href":"https:\/\/gmm-agroindustries.com\/fr\/wp-json\/wp\/v2\/users\/1"}],"replies":[{"embeddable":true,"href":"https:\/\/gmm-agroindustries.com\/fr\/wp-json\/wp\/v2\/comments?post=509"}],"version-history":[{"count":55,"href":"https:\/\/gmm-agroindustries.com\/fr\/wp-json\/wp\/v2\/pages\/509\/revisions"}],"predecessor-version":[{"id":862,"href":"https:\/\/gmm-agroindustries.com\/fr\/wp-json\/wp\/v2\/pages\/509\/revisions\/862"}],"wp:attachment":[{"href":"https:\/\/gmm-agroindustries.com\/fr\/wp-json\/wp\/v2\/media?parent=509"}],"curies":[{"name":"wp","href":"https:\/\/api.w.org\/{rel}","templated":true}]}}