{"id":75,"date":"2021-10-03T15:12:15","date_gmt":"2021-10-03T15:12:15","guid":{"rendered":"http:\/\/gmm-agroindustries.com\/?post_type=product&#038;p=75"},"modified":"2022-05-10T09:53:55","modified_gmt":"2022-05-10T09:53:55","slug":"pasteque","status":"publish","type":"product","link":"https:\/\/gmm-agroindustries.com\/en\/product\/pasteque\/","title":{"rendered":"Past\u00e8que GreyBelle"},"content":{"rendered":"<p>La\u00a0<b>past\u00e8que<\/b>\u00a0(Citrullus lanatus (Thunb.) Matsum. &amp; Nakai, 1916), aussi appel\u00e9e melon d&rsquo;eau, est une esp\u00e8ce de plantes herbac\u00e9es de la famille des Cucurbitac\u00e9es, originaire d&rsquo;Afrique de l&rsquo;Ouest, largement cultiv\u00e9e pour ses gros fruits lisses, \u00e0 chair rouge, jaune, verd\u00e2tre ou blanche et \u00e0 graines noires ou rouges.<\/p>","protected":false},"excerpt":{"rendered":"<p>La\u00a0past\u00e8que\u00a0(Citrullus lanatus (Thunb.) Matsum. &amp; Nakai, 1916), aussi appel\u00e9e melon d&rsquo;eau, est une esp\u00e8ce de plantes herbac\u00e9es de la famille des Cucurbitac\u00e9es, originaire d&rsquo;Afrique de l&rsquo;Ouest, largement cultiv\u00e9e pour ses gros fruits lisses, \u00e0 chair rouge, jaune, verd\u00e2tre ou blanche et \u00e0 graines noires ou rouges.<\/p>","protected":false},"featured_media":1281,"comment_status":"open","ping_status":"closed","template":"","meta":{"_regular_price":[],"currency_symbol":[],"sfsi_plus_gutenberg_text_before_share":"","sfsi_plus_gutenberg_show_text_before_share":"","sfsi_plus_gutenberg_icon_type":"","sfsi_plus_gutenberg_icon_alignemt":"","sfsi_plus_gutenburg_max_per_row":""},"product_cat":[21],"product_tag":[36,35],"class_list":["post-75","product","type-product","status-publish","has-post-thumbnail","hentry","product_cat-fruit","product_tag-greybelle","product_tag-pasteque"],"post_slider_layout_featured_media_urls":{"thumbnail":["https:\/\/gmm-agroindustries.com\/wp-content\/uploads\/2021\/10\/Pasteque-greybell-150x150.png",150,150,true],"post_slider_layout_landscape_large":["https:\/\/gmm-agroindustries.com\/wp-content\/uploads\/2021\/10\/Pasteque-greybell.png",300,300,false],"post_slider_layout_portrait_large":["https:\/\/gmm-agroindustries.com\/wp-content\/uploads\/2021\/10\/Pasteque-greybell.png",300,300,false],"post_slider_layout_square_large":["https:\/\/gmm-agroindustries.com\/wp-content\/uploads\/2021\/10\/Pasteque-greybell.png",300,300,false],"post_slider_layout_landscape":["https:\/\/gmm-agroindustries.com\/wp-content\/uploads\/2021\/10\/Pasteque-greybell.png",300,300,false],"post_slider_layout_portrait":["https:\/\/gmm-agroindustries.com\/wp-content\/uploads\/2021\/10\/Pasteque-greybell.png",300,300,false],"post_slider_layout_square":["https:\/\/gmm-agroindustries.com\/wp-content\/uploads\/2021\/10\/Pasteque-greybell.png",300,300,false],"full":["https:\/\/gmm-agroindustries.com\/wp-content\/uploads\/2021\/10\/Pasteque-greybell.png",300,300,false]},"_links":{"self":[{"href":"https:\/\/gmm-agroindustries.com\/en\/wp-json\/wp\/v2\/product\/75","targetHints":{"allow":["GET"]}}],"collection":[{"href":"https:\/\/gmm-agroindustries.com\/en\/wp-json\/wp\/v2\/product"}],"about":[{"href":"https:\/\/gmm-agroindustries.com\/en\/wp-json\/wp\/v2\/types\/product"}],"replies":[{"embeddable":true,"href":"https:\/\/gmm-agroindustries.com\/en\/wp-json\/wp\/v2\/comments?post=75"}],"wp:featuredmedia":[{"embeddable":true,"href":"https:\/\/gmm-agroindustries.com\/en\/wp-json\/wp\/v2\/media\/1281"}],"wp:attachment":[{"href":"https:\/\/gmm-agroindustries.com\/en\/wp-json\/wp\/v2\/media?parent=75"}],"wp:term":[{"taxonomy":"product_cat","embeddable":true,"href":"https:\/\/gmm-agroindustries.com\/en\/wp-json\/wp\/v2\/product_cat?post=75"},{"taxonomy":"product_tag","embeddable":true,"href":"https:\/\/gmm-agroindustries.com\/en\/wp-json\/wp\/v2\/product_tag?post=75"}],"curies":[{"name":"wp","href":"https:\/\/api.w.org\/{rel}","templated":true}]}}