{"id":1364,"date":"2022-04-21T12:49:59","date_gmt":"2022-04-21T12:49:59","guid":{"rendered":"http:\/\/gmm-agroindustries.com\/en\/?post_type=product&#038;p=1364"},"modified":"2022-06-21T09:56:56","modified_gmt":"2022-06-21T09:56:56","slug":"aubergine-kalenda","status":"publish","type":"product","link":"https:\/\/gmm-agroindustries.com\/en\/product\/aubergine-kalenda\/","title":{"rendered":"Aubergine Kalenda"},"content":{"rendered":"<p>Une vari\u00e9t\u00e9 \u00e0 rendement tr\u00e8s \u00e9lev\u00e9, avec une forte vigueur et adapt\u00e9e \u00e0 la culture en conditions chaudes et tropicales. Les fruits sont allong\u00e9s en forme de massue, l\u00e9g\u00e8rement effil\u00e9s en amont, avec une couleur noir-violet brillant.<\/p>","protected":false},"excerpt":{"rendered":"<p>Une vari\u00e9t\u00e9 \u00e0 rendement tr\u00e8s \u00e9lev\u00e9, avec une forte vigueur et adapt\u00e9e \u00e0 la culture en conditions chaudes et tropicales. Les fruits sont allong\u00e9s en forme de massue, l\u00e9g\u00e8rement effil\u00e9s en amont, avec une couleur noir-violet brillant.<\/p>","protected":false},"featured_media":1365,"comment_status":"open","ping_status":"closed","template":"","meta":{"_regular_price":[],"currency_symbol":[],"sfsi_plus_gutenberg_text_before_share":"","sfsi_plus_gutenberg_show_text_before_share":"","sfsi_plus_gutenberg_icon_type":"","sfsi_plus_gutenberg_icon_alignemt":"","sfsi_plus_gutenburg_max_per_row":""},"product_cat":[15],"product_tag":[50,53],"class_list":["post-1364","product","type-product","status-publish","has-post-thumbnail","hentry","product_cat-legumes","product_tag-aubergine","product_tag-kalenda"],"post_slider_layout_featured_media_urls":{"thumbnail":["https:\/\/gmm-agroindustries.com\/wp-content\/uploads\/2022\/04\/Aubergine-Kalenda-150x150.png",150,150,true],"post_slider_layout_landscape_large":["https:\/\/gmm-agroindustries.com\/wp-content\/uploads\/2022\/04\/Aubergine-Kalenda.png",247,181,false],"post_slider_layout_portrait_large":["https:\/\/gmm-agroindustries.com\/wp-content\/uploads\/2022\/04\/Aubergine-Kalenda.png",247,181,false],"post_slider_layout_square_large":["https:\/\/gmm-agroindustries.com\/wp-content\/uploads\/2022\/04\/Aubergine-Kalenda.png",247,181,false],"post_slider_layout_landscape":["https:\/\/gmm-agroindustries.com\/wp-content\/uploads\/2022\/04\/Aubergine-Kalenda.png",247,181,false],"post_slider_layout_portrait":["https:\/\/gmm-agroindustries.com\/wp-content\/uploads\/2022\/04\/Aubergine-Kalenda.png",247,181,false],"post_slider_layout_square":["https:\/\/gmm-agroindustries.com\/wp-content\/uploads\/2022\/04\/Aubergine-Kalenda.png",247,181,false],"full":["https:\/\/gmm-agroindustries.com\/wp-content\/uploads\/2022\/04\/Aubergine-Kalenda.png",247,181,false]},"_links":{"self":[{"href":"https:\/\/gmm-agroindustries.com\/en\/wp-json\/wp\/v2\/product\/1364","targetHints":{"allow":["GET"]}}],"collection":[{"href":"https:\/\/gmm-agroindustries.com\/en\/wp-json\/wp\/v2\/product"}],"about":[{"href":"https:\/\/gmm-agroindustries.com\/en\/wp-json\/wp\/v2\/types\/product"}],"replies":[{"embeddable":true,"href":"https:\/\/gmm-agroindustries.com\/en\/wp-json\/wp\/v2\/comments?post=1364"}],"wp:featuredmedia":[{"embeddable":true,"href":"https:\/\/gmm-agroindustries.com\/en\/wp-json\/wp\/v2\/media\/1365"}],"wp:attachment":[{"href":"https:\/\/gmm-agroindustries.com\/en\/wp-json\/wp\/v2\/media?parent=1364"}],"wp:term":[{"taxonomy":"product_cat","embeddable":true,"href":"https:\/\/gmm-agroindustries.com\/en\/wp-json\/wp\/v2\/product_cat?post=1364"},{"taxonomy":"product_tag","embeddable":true,"href":"https:\/\/gmm-agroindustries.com\/en\/wp-json\/wp\/v2\/product_tag?post=1364"}],"curies":[{"name":"wp","href":"https:\/\/api.w.org\/{rel}","templated":true}]}}