{"id":1354,"date":"2022-04-21T11:37:59","date_gmt":"2022-04-21T11:37:59","guid":{"rendered":"http:\/\/gmm-agroindustries.com\/en\/?post_type=product&#038;p=1354"},"modified":"2022-06-21T09:57:55","modified_gmt":"2022-06-21T09:57:55","slug":"navet-marteau","status":"publish","type":"product","link":"https:\/\/gmm-agroindustries.com\/en\/product\/navet-marteau\/","title":{"rendered":"Navet Marteau"},"content":{"rendered":"<p>Le\u00a0<b>navet Marteau<\/b>\u00a0est une vari\u00e9t\u00e9 de bonne rusticit\u00e9 produisant une racine cylindrique \u00e0 la chair tendre, sucr\u00e9e et de couleur blanche. La\u00a0<b>navet Marteau<\/b>\u00a0se consomme de pr\u00e9f\u00e9rence jeune, en soupe, rago\u00fbt ou encore saut\u00e9.<\/p>","protected":false},"excerpt":{"rendered":"<p>Le\u00a0navet Marteau\u00a0est une vari\u00e9t\u00e9 de bonne rusticit\u00e9 produisant une racine cylindrique \u00e0 la chair tendre, sucr\u00e9e et de couleur blanche. La\u00a0navet Marteau\u00a0se consomme de pr\u00e9f\u00e9rence jeune, en soupe, rago\u00fbt ou encore saut\u00e9.<\/p>","protected":false},"featured_media":1355,"comment_status":"open","ping_status":"closed","template":"","meta":{"_regular_price":[],"currency_symbol":[],"sfsi_plus_gutenberg_text_before_share":"","sfsi_plus_gutenberg_show_text_before_share":"","sfsi_plus_gutenberg_icon_type":"","sfsi_plus_gutenberg_icon_alignemt":"","sfsi_plus_gutenburg_max_per_row":""},"product_cat":[15],"product_tag":[47,46],"class_list":["post-1354","product","type-product","status-publish","has-post-thumbnail","hentry","product_cat-legumes","product_tag-marteau","product_tag-navet"],"post_slider_layout_featured_media_urls":{"thumbnail":["https:\/\/gmm-agroindustries.com\/wp-content\/uploads\/2022\/04\/Navet-Marteau-150x150.png",150,150,true],"post_slider_layout_landscape_large":["https:\/\/gmm-agroindustries.com\/wp-content\/uploads\/2022\/04\/Navet-Marteau.png",726,799,false],"post_slider_layout_portrait_large":["https:\/\/gmm-agroindustries.com\/wp-content\/uploads\/2022\/04\/Navet-Marteau.png",726,799,false],"post_slider_layout_square_large":["https:\/\/gmm-agroindustries.com\/wp-content\/uploads\/2022\/04\/Navet-Marteau.png",726,799,false],"post_slider_layout_landscape":["https:\/\/gmm-agroindustries.com\/wp-content\/uploads\/2022\/04\/Navet-Marteau-600x400.png",600,400,true],"post_slider_layout_portrait":["https:\/\/gmm-agroindustries.com\/wp-content\/uploads\/2022\/04\/Navet-Marteau-600x799.png",600,799,true],"post_slider_layout_square":["https:\/\/gmm-agroindustries.com\/wp-content\/uploads\/2022\/04\/Navet-Marteau-600x600.png",600,600,true],"full":["https:\/\/gmm-agroindustries.com\/wp-content\/uploads\/2022\/04\/Navet-Marteau.png",726,799,false]},"_links":{"self":[{"href":"https:\/\/gmm-agroindustries.com\/en\/wp-json\/wp\/v2\/product\/1354","targetHints":{"allow":["GET"]}}],"collection":[{"href":"https:\/\/gmm-agroindustries.com\/en\/wp-json\/wp\/v2\/product"}],"about":[{"href":"https:\/\/gmm-agroindustries.com\/en\/wp-json\/wp\/v2\/types\/product"}],"replies":[{"embeddable":true,"href":"https:\/\/gmm-agroindustries.com\/en\/wp-json\/wp\/v2\/comments?post=1354"}],"wp:featuredmedia":[{"embeddable":true,"href":"https:\/\/gmm-agroindustries.com\/en\/wp-json\/wp\/v2\/media\/1355"}],"wp:attachment":[{"href":"https:\/\/gmm-agroindustries.com\/en\/wp-json\/wp\/v2\/media?parent=1354"}],"wp:term":[{"taxonomy":"product_cat","embeddable":true,"href":"https:\/\/gmm-agroindustries.com\/en\/wp-json\/wp\/v2\/product_cat?post=1354"},{"taxonomy":"product_tag","embeddable":true,"href":"https:\/\/gmm-agroindustries.com\/en\/wp-json\/wp\/v2\/product_tag?post=1354"}],"curies":[{"name":"wp","href":"https:\/\/api.w.org\/{rel}","templated":true}]}}