{"id":1287,"date":"2022-04-12T13:48:54","date_gmt":"2022-04-12T13:48:54","guid":{"rendered":"http:\/\/gmm-agroindustries.com\/en\/?post_type=product&#038;p=1287"},"modified":"2022-06-21T09:58:22","modified_gmt":"2022-06-21T09:58:22","slug":"carotte-new-kuroda","status":"publish","type":"product","link":"https:\/\/gmm-agroindustries.com\/en\/product\/carotte-new-kuroda\/","title":{"rendered":"Carotte New Kuroda"},"content":{"rendered":"<p>La\u00a0<b>Carotte New Kuroda<\/b>\u00a0est une vari\u00e9t\u00e9 aux racines parfaitement coniques et courtes, de couleur rouge\u00e2tre. La\u00a0<b>carotte kuroda<\/b>\u00a0est une\u00a0<b>carotte<\/b>\u00a0r\u00e9put\u00e9e pour ces qualit\u00e9s gustatives. Elle se cultive dans un sol a\u00e9r\u00e9, frais, bien travaill\u00e9, m\u00eame les sols argileux peuvent lui convenir.<\/p>","protected":false},"excerpt":{"rendered":"<p>La\u00a0Carotte New Kuroda\u00a0est une vari\u00e9t\u00e9 aux racines parfaitement coniques et courtes, de couleur rouge\u00e2tre. La\u00a0carotte kuroda\u00a0est une\u00a0carotte\u00a0r\u00e9put\u00e9e pour ces qualit\u00e9s gustatives. Elle se cultive dans un sol a\u00e9r\u00e9, frais, bien travaill\u00e9, m\u00eame les sols argileux peuvent lui convenir.<\/p>","protected":false},"featured_media":1288,"comment_status":"open","ping_status":"closed","template":"","meta":{"_regular_price":[],"currency_symbol":[],"sfsi_plus_gutenberg_text_before_share":"","sfsi_plus_gutenberg_show_text_before_share":"","sfsi_plus_gutenberg_icon_type":"","sfsi_plus_gutenberg_icon_alignemt":"","sfsi_plus_gutenburg_max_per_row":""},"product_cat":[15],"product_tag":[41,42],"class_list":["post-1287","product","type-product","status-publish","has-post-thumbnail","hentry","product_cat-legumes","product_tag-carotte","product_tag-new-kuroda"],"post_slider_layout_featured_media_urls":{"thumbnail":["https:\/\/gmm-agroindustries.com\/wp-content\/uploads\/2022\/04\/Carotte-New-Kuroda-150x150.png",150,150,true],"post_slider_layout_landscape_large":["https:\/\/gmm-agroindustries.com\/wp-content\/uploads\/2022\/04\/Carotte-New-Kuroda.png",500,554,false],"post_slider_layout_portrait_large":["https:\/\/gmm-agroindustries.com\/wp-content\/uploads\/2022\/04\/Carotte-New-Kuroda.png",500,554,false],"post_slider_layout_square_large":["https:\/\/gmm-agroindustries.com\/wp-content\/uploads\/2022\/04\/Carotte-New-Kuroda.png",500,554,false],"post_slider_layout_landscape":["https:\/\/gmm-agroindustries.com\/wp-content\/uploads\/2022\/04\/Carotte-New-Kuroda-500x400.png",500,400,true],"post_slider_layout_portrait":["https:\/\/gmm-agroindustries.com\/wp-content\/uploads\/2022\/04\/Carotte-New-Kuroda.png",500,554,false],"post_slider_layout_square":["https:\/\/gmm-agroindustries.com\/wp-content\/uploads\/2022\/04\/Carotte-New-Kuroda.png",500,554,false],"full":["https:\/\/gmm-agroindustries.com\/wp-content\/uploads\/2022\/04\/Carotte-New-Kuroda.png",500,554,false]},"_links":{"self":[{"href":"https:\/\/gmm-agroindustries.com\/en\/wp-json\/wp\/v2\/product\/1287","targetHints":{"allow":["GET"]}}],"collection":[{"href":"https:\/\/gmm-agroindustries.com\/en\/wp-json\/wp\/v2\/product"}],"about":[{"href":"https:\/\/gmm-agroindustries.com\/en\/wp-json\/wp\/v2\/types\/product"}],"replies":[{"embeddable":true,"href":"https:\/\/gmm-agroindustries.com\/en\/wp-json\/wp\/v2\/comments?post=1287"}],"wp:featuredmedia":[{"embeddable":true,"href":"https:\/\/gmm-agroindustries.com\/en\/wp-json\/wp\/v2\/media\/1288"}],"wp:attachment":[{"href":"https:\/\/gmm-agroindustries.com\/en\/wp-json\/wp\/v2\/media?parent=1287"}],"wp:term":[{"taxonomy":"product_cat","embeddable":true,"href":"https:\/\/gmm-agroindustries.com\/en\/wp-json\/wp\/v2\/product_cat?post=1287"},{"taxonomy":"product_tag","embeddable":true,"href":"https:\/\/gmm-agroindustries.com\/en\/wp-json\/wp\/v2\/product_tag?post=1287"}],"curies":[{"name":"wp","href":"https:\/\/api.w.org\/{rel}","templated":true}]}}