{"id":1277,"date":"2022-04-12T11:59:07","date_gmt":"2022-04-12T11:59:07","guid":{"rendered":"http:\/\/gmm-agroindustries.com\/en\/?post_type=product&#038;p=1277"},"modified":"2022-05-10T09:49:36","modified_gmt":"2022-05-10T09:49:36","slug":"papaye-solo-8","status":"publish","type":"product","link":"https:\/\/gmm-agroindustries.com\/en\/product\/papaye-solo-8\/","title":{"rendered":"Papaye solo 8"},"content":{"rendered":"<p>La papaye est riche en\u00a0<strong>lycop\u00e8ne<\/strong>, un carot\u00e9no\u00efde qui peut\u00a0<strong>am\u00e9liorer la fonction vasculaire<\/strong>\u00a0et contribue \u00e0 la pr\u00e9vention primaire et secondaire des\u00a0<strong>troubles cardiovasculaires<\/strong>. Le lycop\u00e8ne a des effets anti-ath\u00e9roscl\u00e9rotiques,<strong>\u00a0antioxydants, anti-inflammatoires,\u00a0<\/strong>antihypertenseurs, antiplaquettaires, anti-apoptotiques et permet de\u00a0<strong>r\u00e9duire la rigidit\u00e9 art\u00e9rielle<\/strong><\/p>","protected":false},"excerpt":{"rendered":"<p>La papaye est riche en\u00a0lycop\u00e8ne, un carot\u00e9no\u00efde qui peut\u00a0am\u00e9liorer la fonction vasculaire\u00a0et contribue \u00e0 la pr\u00e9vention primaire et secondaire des\u00a0troubles cardiovasculaires. Le lycop\u00e8ne a des effets anti-ath\u00e9roscl\u00e9rotiques,\u00a0antioxydants, anti-inflammatoires,\u00a0antihypertenseurs, antiplaquettaires, anti-apoptotiques et permet de\u00a0r\u00e9duire la rigidit\u00e9 art\u00e9rielle<\/p>","protected":false},"featured_media":1278,"comment_status":"open","ping_status":"closed","template":"","meta":{"_regular_price":[],"currency_symbol":[],"sfsi_plus_gutenberg_text_before_share":"","sfsi_plus_gutenberg_show_text_before_share":"","sfsi_plus_gutenberg_icon_type":"","sfsi_plus_gutenberg_icon_alignemt":"","sfsi_plus_gutenburg_max_per_row":""},"product_cat":[21],"product_tag":[31,32],"class_list":["post-1277","product","type-product","status-publish","has-post-thumbnail","hentry","product_cat-fruit","product_tag-papaye","product_tag-solo"],"post_slider_layout_featured_media_urls":{"thumbnail":["https:\/\/gmm-agroindustries.com\/wp-content\/uploads\/2022\/04\/Papaye-solo-8-150x150.png",150,150,true],"post_slider_layout_landscape_large":["https:\/\/gmm-agroindustries.com\/wp-content\/uploads\/2022\/04\/Papaye-solo-8.png",300,300,false],"post_slider_layout_portrait_large":["https:\/\/gmm-agroindustries.com\/wp-content\/uploads\/2022\/04\/Papaye-solo-8.png",300,300,false],"post_slider_layout_square_large":["https:\/\/gmm-agroindustries.com\/wp-content\/uploads\/2022\/04\/Papaye-solo-8.png",300,300,false],"post_slider_layout_landscape":["https:\/\/gmm-agroindustries.com\/wp-content\/uploads\/2022\/04\/Papaye-solo-8.png",300,300,false],"post_slider_layout_portrait":["https:\/\/gmm-agroindustries.com\/wp-content\/uploads\/2022\/04\/Papaye-solo-8.png",300,300,false],"post_slider_layout_square":["https:\/\/gmm-agroindustries.com\/wp-content\/uploads\/2022\/04\/Papaye-solo-8.png",300,300,false],"full":["https:\/\/gmm-agroindustries.com\/wp-content\/uploads\/2022\/04\/Papaye-solo-8.png",300,300,false]},"_links":{"self":[{"href":"https:\/\/gmm-agroindustries.com\/en\/wp-json\/wp\/v2\/product\/1277","targetHints":{"allow":["GET"]}}],"collection":[{"href":"https:\/\/gmm-agroindustries.com\/en\/wp-json\/wp\/v2\/product"}],"about":[{"href":"https:\/\/gmm-agroindustries.com\/en\/wp-json\/wp\/v2\/types\/product"}],"replies":[{"embeddable":true,"href":"https:\/\/gmm-agroindustries.com\/en\/wp-json\/wp\/v2\/comments?post=1277"}],"wp:featuredmedia":[{"embeddable":true,"href":"https:\/\/gmm-agroindustries.com\/en\/wp-json\/wp\/v2\/media\/1278"}],"wp:attachment":[{"href":"https:\/\/gmm-agroindustries.com\/en\/wp-json\/wp\/v2\/media?parent=1277"}],"wp:term":[{"taxonomy":"product_cat","embeddable":true,"href":"https:\/\/gmm-agroindustries.com\/en\/wp-json\/wp\/v2\/product_cat?post=1277"},{"taxonomy":"product_tag","embeddable":true,"href":"https:\/\/gmm-agroindustries.com\/en\/wp-json\/wp\/v2\/product_tag?post=1277"}],"curies":[{"name":"wp","href":"https:\/\/api.w.org\/{rel}","templated":true}]}}