{"id":1267,"date":"2022-04-12T11:14:56","date_gmt":"2022-04-12T11:14:56","guid":{"rendered":"http:\/\/gmm-agroindustries.com\/en\/?post_type=product&#038;p=1267"},"modified":"2022-05-10T09:50:52","modified_gmt":"2022-05-10T09:50:52","slug":"melon-ananas","status":"publish","type":"product","link":"https:\/\/gmm-agroindustries.com\/en\/product\/melon-ananas\/","title":{"rendered":"Melon ananas"},"content":{"rendered":"<p>Les melons ananas sont une bonne source de vitamines A et C, qui sont des antioxydants qui peuvent aider \u00e0 renforcer le syst\u00e8me immunitaire et \u00e0 r\u00e9duire l&rsquo;inflammation. Les melons contiennent \u00e9galement des fibres, du folate, du potassium, du magn\u00e9sium, du cuivre et de la vitamine K.<\/p>","protected":false},"excerpt":{"rendered":"<p>Les melons ananas sont une bonne source de vitamines A et C, qui sont des antioxydants qui peuvent aider \u00e0 renforcer le syst\u00e8me immunitaire et \u00e0 r\u00e9duire l&rsquo;inflammation. Les melons contiennent \u00e9galement des fibres, du folate, du potassium, du magn\u00e9sium, du cuivre et de la vitamine K.<\/p>","protected":false},"featured_media":1268,"comment_status":"open","ping_status":"closed","template":"","meta":{"_regular_price":[],"currency_symbol":[],"sfsi_plus_gutenberg_text_before_share":"","sfsi_plus_gutenberg_show_text_before_share":"","sfsi_plus_gutenberg_icon_type":"","sfsi_plus_gutenberg_icon_alignemt":"","sfsi_plus_gutenburg_max_per_row":""},"product_cat":[21],"product_tag":[28,26],"class_list":["post-1267","product","type-product","status-publish","has-post-thumbnail","hentry","product_cat-fruit","product_tag-ananas","product_tag-melon"],"post_slider_layout_featured_media_urls":{"thumbnail":["https:\/\/gmm-agroindustries.com\/wp-content\/uploads\/2022\/04\/Melon-ananas-150x150.png",150,150,true],"post_slider_layout_landscape_large":["https:\/\/gmm-agroindustries.com\/wp-content\/uploads\/2022\/04\/Melon-ananas.png",300,300,false],"post_slider_layout_portrait_large":["https:\/\/gmm-agroindustries.com\/wp-content\/uploads\/2022\/04\/Melon-ananas.png",300,300,false],"post_slider_layout_square_large":["https:\/\/gmm-agroindustries.com\/wp-content\/uploads\/2022\/04\/Melon-ananas.png",300,300,false],"post_slider_layout_landscape":["https:\/\/gmm-agroindustries.com\/wp-content\/uploads\/2022\/04\/Melon-ananas.png",300,300,false],"post_slider_layout_portrait":["https:\/\/gmm-agroindustries.com\/wp-content\/uploads\/2022\/04\/Melon-ananas.png",300,300,false],"post_slider_layout_square":["https:\/\/gmm-agroindustries.com\/wp-content\/uploads\/2022\/04\/Melon-ananas.png",300,300,false],"full":["https:\/\/gmm-agroindustries.com\/wp-content\/uploads\/2022\/04\/Melon-ananas.png",300,300,false]},"_links":{"self":[{"href":"https:\/\/gmm-agroindustries.com\/en\/wp-json\/wp\/v2\/product\/1267","targetHints":{"allow":["GET"]}}],"collection":[{"href":"https:\/\/gmm-agroindustries.com\/en\/wp-json\/wp\/v2\/product"}],"about":[{"href":"https:\/\/gmm-agroindustries.com\/en\/wp-json\/wp\/v2\/types\/product"}],"replies":[{"embeddable":true,"href":"https:\/\/gmm-agroindustries.com\/en\/wp-json\/wp\/v2\/comments?post=1267"}],"wp:featuredmedia":[{"embeddable":true,"href":"https:\/\/gmm-agroindustries.com\/en\/wp-json\/wp\/v2\/media\/1268"}],"wp:attachment":[{"href":"https:\/\/gmm-agroindustries.com\/en\/wp-json\/wp\/v2\/media?parent=1267"}],"wp:term":[{"taxonomy":"product_cat","embeddable":true,"href":"https:\/\/gmm-agroindustries.com\/en\/wp-json\/wp\/v2\/product_cat?post=1267"},{"taxonomy":"product_tag","embeddable":true,"href":"https:\/\/gmm-agroindustries.com\/en\/wp-json\/wp\/v2\/product_tag?post=1267"}],"curies":[{"name":"wp","href":"https:\/\/api.w.org\/{rel}","templated":true}]}}