{"id":103,"date":"2021-10-03T16:48:20","date_gmt":"2021-10-03T16:48:20","guid":{"rendered":"http:\/\/gmm-agroindustries.com\/?post_type=product&#038;p=103"},"modified":"2022-06-21T10:00:00","modified_gmt":"2022-06-21T10:00:00","slug":"arachide","status":"publish","type":"product","link":"https:\/\/gmm-agroindustries.com\/en\/product\/arachide\/","title":{"rendered":"Arachide fleur 11"},"content":{"rendered":"<p>Les\u00a0<b>arachides sont<\/b>\u00a0riches en mati\u00e8res grasses, des acides gras insatur\u00e9s qui\u00a0<b>sont<\/b> bons pour la sant\u00e9 du coeur et qui am\u00e9liorent le taux de cholest\u00e9rol sanguin. C&rsquo;est \u00e9galement une bonne source de magn\u00e9sium, de mangan\u00e8se, de vitamine E, d&rsquo;acide folique et de fibres.<\/p>","protected":false},"excerpt":{"rendered":"<p>Les\u00a0arachides sont\u00a0riches en mati\u00e8res grasses, des acides gras insatur\u00e9s qui\u00a0sont bons pour la sant\u00e9 du coeur et qui am\u00e9liorent le taux de cholest\u00e9rol sanguin. C&rsquo;est \u00e9galement une bonne source de magn\u00e9sium, de mangan\u00e8se, de vitamine E, d&rsquo;acide folique et de fibres.<\/p>","protected":false},"featured_media":102,"comment_status":"open","ping_status":"closed","template":"","meta":{"_regular_price":[],"currency_symbol":[],"sfsi_plus_gutenberg_text_before_share":"","sfsi_plus_gutenberg_show_text_before_share":"","sfsi_plus_gutenberg_icon_type":"","sfsi_plus_gutenberg_icon_alignemt":"","sfsi_plus_gutenburg_max_per_row":""},"product_cat":[15],"product_tag":[33,34],"class_list":["post-103","product","type-product","status-publish","has-post-thumbnail","hentry","product_cat-legumes","product_tag-arachide","product_tag-fleur-11"],"post_slider_layout_featured_media_urls":{"thumbnail":["https:\/\/gmm-agroindustries.com\/wp-content\/uploads\/2021\/10\/Arachide-150x150.jpg",150,150,true],"post_slider_layout_landscape_large":["https:\/\/gmm-agroindustries.com\/wp-content\/uploads\/2021\/10\/Arachide.jpg",281,179,false],"post_slider_layout_portrait_large":["https:\/\/gmm-agroindustries.com\/wp-content\/uploads\/2021\/10\/Arachide.jpg",281,179,false],"post_slider_layout_square_large":["https:\/\/gmm-agroindustries.com\/wp-content\/uploads\/2021\/10\/Arachide.jpg",281,179,false],"post_slider_layout_landscape":["https:\/\/gmm-agroindustries.com\/wp-content\/uploads\/2021\/10\/Arachide.jpg",281,179,false],"post_slider_layout_portrait":["https:\/\/gmm-agroindustries.com\/wp-content\/uploads\/2021\/10\/Arachide.jpg",281,179,false],"post_slider_layout_square":["https:\/\/gmm-agroindustries.com\/wp-content\/uploads\/2021\/10\/Arachide.jpg",281,179,false],"full":["https:\/\/gmm-agroindustries.com\/wp-content\/uploads\/2021\/10\/Arachide.jpg",281,179,false]},"_links":{"self":[{"href":"https:\/\/gmm-agroindustries.com\/en\/wp-json\/wp\/v2\/product\/103","targetHints":{"allow":["GET"]}}],"collection":[{"href":"https:\/\/gmm-agroindustries.com\/en\/wp-json\/wp\/v2\/product"}],"about":[{"href":"https:\/\/gmm-agroindustries.com\/en\/wp-json\/wp\/v2\/types\/product"}],"replies":[{"embeddable":true,"href":"https:\/\/gmm-agroindustries.com\/en\/wp-json\/wp\/v2\/comments?post=103"}],"wp:featuredmedia":[{"embeddable":true,"href":"https:\/\/gmm-agroindustries.com\/en\/wp-json\/wp\/v2\/media\/102"}],"wp:attachment":[{"href":"https:\/\/gmm-agroindustries.com\/en\/wp-json\/wp\/v2\/media?parent=103"}],"wp:term":[{"taxonomy":"product_cat","embeddable":true,"href":"https:\/\/gmm-agroindustries.com\/en\/wp-json\/wp\/v2\/product_cat?post=103"},{"taxonomy":"product_tag","embeddable":true,"href":"https:\/\/gmm-agroindustries.com\/en\/wp-json\/wp\/v2\/product_tag?post=103"}],"curies":[{"name":"wp","href":"https:\/\/api.w.org\/{rel}","templated":true}]}}